{"id":31,"date":"2024-03-07T11:23:11","date_gmt":"2024-03-07T10:23:11","guid":{"rendered":"https:\/\/renosuisse.ch\/?page_id=31"},"modified":"2024-03-18T09:05:50","modified_gmt":"2024-03-18T08:05:50","slug":"impressum","status":"publish","type":"page","link":"https:\/\/renosuisse.ch\/index.php\/impressum\/","title":{"rendered":"Impressum"},"content":{"rendered":"\t\t<div data-elementor-type=\"wp-page\" data-elementor-id=\"31\" class=\"elementor elementor-31\">\n\t\t\t\t\t\t<section class=\"elementor-section elementor-top-section elementor-element elementor-element-545eb13 elementor-section-boxed elementor-section-height-default elementor-section-height-default\" data-id=\"545eb13\" data-element_type=\"section\">\n\t\t\t\t\t\t<div class=\"elementor-container elementor-column-gap-default\">\n\t\t\t\t\t<div class=\"elementor-column elementor-col-100 elementor-top-column elementor-element elementor-element-4e4fddd\" data-id=\"4e4fddd\" data-element_type=\"column\">\n\t\t\t<div class=\"elementor-widget-wrap elementor-element-populated\">\n\t\t\t\t\t\t<section class=\"elementor-section elementor-inner-section elementor-element elementor-element-69a31ce elementor-section-boxed elementor-section-height-default elementor-section-height-default\" data-id=\"69a31ce\" data-element_type=\"section\">\n\t\t\t\t\t\t<div class=\"elementor-container elementor-column-gap-no\">\n\t\t\t\t\t<div class=\"elementor-column elementor-col-100 elementor-inner-column elementor-element elementor-element-c8c3d9d\" data-id=\"c8c3d9d\" data-element_type=\"column\">\n\t\t\t<div class=\"elementor-widget-wrap elementor-element-populated\">\n\t\t\t\t\t\t<div class=\"elementor-element elementor-element-853d364 elementor-widget elementor-widget-text-editor\" data-id=\"853d364\" data-element_type=\"widget\" data-widget_type=\"text-editor.default\">\n\t\t\t\t<div class=\"elementor-widget-container\">\n\t\t\t\t\t\t\t\t\t<p><strong>Verantwortlich:<\/strong><\/p>\n<p>A. Salva<\/p>\n<p><strong>Kontakt:<\/strong><\/p>\n<p>GN ProRenov<br>A. Salva<br>c\/o Beatrice M\u00fcller Albisriederstrasse 315 8047 Z\u00fcrich<\/p>\n<p><strong>UID<\/strong><strong>&#8211;<\/strong><strong>Nummer:<\/strong><\/p>\n<p>CHE 438.151.595<\/p>\n<p><strong>Gerichtsstand:<\/strong><\/p>\n<p>gerichtsamt Z\u00fcrcher verwaltungsgericht<\/p>\t\t\t\t\t\t\t\t<\/div>\n\t\t\t\t<\/div>\n\t\t\t\t\t<\/div>\n\t\t<\/div>\n\t\t\t\t\t<\/div>\n\t\t<\/section>\n\t\t\t\t\t<\/div>\n\t\t<\/div>\n\t\t\t\t\t<\/div>\n\t\t<\/section>\n\t\t\t\t<\/div>\n\t\t","protected":false},"excerpt":{"rendered":"<p>Verantwortlich: A. Salva Kontakt: GN ProRenovA. Salvac\/o Beatrice M\u00fcller Albisriederstrasse 315 8047 Z\u00fcrich UID&#8211;Nummer: CHE 438.151.595 Gerichtsstand: gerichtsamt Z\u00fcrcher verwaltungsgericht<\/p>\n","protected":false},"author":2,"featured_media":0,"parent":0,"menu_order":0,"comment_status":"closed","ping_status":"closed","template":"elementor_header_footer","meta":{"footnotes":""},"yoast_head":"<!-- This site is optimized with the Yoast SEO plugin v23.0 - https:\/\/yoast.com\/wordpress\/plugins\/seo\/ -->\n<title>Impressum - GN Pro Renov<\/title>\n<meta name=\"robots\" content=\"index, follow, max-snippet:-1, max-image-preview:large, max-video-preview:-1\" \/>\n<link rel=\"canonical\" href=\"https:\/\/renosuisse.ch\/index.php\/impressum\/\" \/>\n<meta property=\"og:locale\" content=\"de_DE\" \/>\n<meta property=\"og:type\" content=\"article\" \/>\n<meta property=\"og:title\" content=\"Impressum - GN Pro Renov\" \/>\n<meta property=\"og:description\" content=\"Verantwortlich: A. Salva Kontakt: GN ProRenovA. Salvac\/o Beatrice M\u00fcller Albisriederstrasse 315 8047 Z\u00fcrich UID&#8211;Nummer: CHE 438.151.595 Gerichtsstand: gerichtsamt Z\u00fcrcher verwaltungsgericht\" \/>\n<meta property=\"og:url\" content=\"https:\/\/renosuisse.ch\/index.php\/impressum\/\" \/>\n<meta property=\"og:site_name\" content=\"GN Pro Renov\" \/>\n<meta property=\"article:modified_time\" content=\"2024-03-18T08:05:50+00:00\" \/>\n<meta name=\"twitter:card\" content=\"summary_large_image\" \/>\n<meta name=\"twitter:label1\" content=\"Gesch\u00e4tzte Lesezeit\" \/>\n\t<meta name=\"twitter:data1\" content=\"1\u00a0Minute\" \/>\n<script type=\"application\/ld+json\" class=\"yoast-schema-graph\">{\"@context\":\"https:\/\/schema.org\",\"@graph\":[{\"@type\":\"WebPage\",\"@id\":\"https:\/\/renosuisse.ch\/index.php\/impressum\/\",\"url\":\"https:\/\/renosuisse.ch\/index.php\/impressum\/\",\"name\":\"Impressum - GN Pro Renov\",\"isPartOf\":{\"@id\":\"https:\/\/renosuisse.ch\/#website\"},\"datePublished\":\"2024-03-07T10:23:11+00:00\",\"dateModified\":\"2024-03-18T08:05:50+00:00\",\"breadcrumb\":{\"@id\":\"https:\/\/renosuisse.ch\/index.php\/impressum\/#breadcrumb\"},\"inLanguage\":\"de\",\"potentialAction\":[{\"@type\":\"ReadAction\",\"target\":[\"https:\/\/renosuisse.ch\/index.php\/impressum\/\"]}]},{\"@type\":\"BreadcrumbList\",\"@id\":\"https:\/\/renosuisse.ch\/index.php\/impressum\/#breadcrumb\",\"itemListElement\":[{\"@type\":\"ListItem\",\"position\":1,\"name\":\"Home\",\"item\":\"https:\/\/renosuisse.ch\/\"},{\"@type\":\"ListItem\",\"position\":2,\"name\":\"Impressum\"}]},{\"@type\":\"WebSite\",\"@id\":\"https:\/\/renosuisse.ch\/#website\",\"url\":\"https:\/\/renosuisse.ch\/\",\"name\":\"GN Pro Renov\",\"description\":\"\",\"publisher\":{\"@id\":\"https:\/\/renosuisse.ch\/#organization\"},\"potentialAction\":[{\"@type\":\"SearchAction\",\"target\":{\"@type\":\"EntryPoint\",\"urlTemplate\":\"https:\/\/renosuisse.ch\/?s={search_term_string}\"},\"query-input\":\"required name=search_term_string\"}],\"inLanguage\":\"de\"},{\"@type\":\"Organization\",\"@id\":\"https:\/\/renosuisse.ch\/#organization\",\"name\":\"GN Pro Renov\",\"url\":\"https:\/\/renosuisse.ch\/\",\"logo\":{\"@type\":\"ImageObject\",\"inLanguage\":\"de\",\"@id\":\"https:\/\/renosuisse.ch\/#\/schema\/logo\/image\/\",\"url\":\"https:\/\/renosuisse.ch\/wp-content\/uploads\/2024\/03\/Logo.png\",\"contentUrl\":\"https:\/\/renosuisse.ch\/wp-content\/uploads\/2024\/03\/Logo.png\",\"width\":4634,\"height\":2853,\"caption\":\"GN Pro Renov\"},\"image\":{\"@id\":\"https:\/\/renosuisse.ch\/#\/schema\/logo\/image\/\"}}]}<\/script>\n<!-- \/ Yoast SEO plugin. -->","yoast_head_json":{"title":"Impressum - GN Pro Renov","robots":{"index":"index","follow":"follow","max-snippet":"max-snippet:-1","max-image-preview":"max-image-preview:large","max-video-preview":"max-video-preview:-1"},"canonical":"https:\/\/renosuisse.ch\/index.php\/impressum\/","og_locale":"de_DE","og_type":"article","og_title":"Impressum - GN Pro Renov","og_description":"Verantwortlich: A. Salva Kontakt: GN ProRenovA. Salvac\/o Beatrice M\u00fcller Albisriederstrasse 315 8047 Z\u00fcrich UID&#8211;Nummer: CHE 438.151.595 Gerichtsstand: gerichtsamt Z\u00fcrcher verwaltungsgericht","og_url":"https:\/\/renosuisse.ch\/index.php\/impressum\/","og_site_name":"GN Pro Renov","article_modified_time":"2024-03-18T08:05:50+00:00","twitter_card":"summary_large_image","twitter_misc":{"Gesch\u00e4tzte Lesezeit":"1\u00a0Minute"},"schema":{"@context":"https:\/\/schema.org","@graph":[{"@type":"WebPage","@id":"https:\/\/renosuisse.ch\/index.php\/impressum\/","url":"https:\/\/renosuisse.ch\/index.php\/impressum\/","name":"Impressum - GN Pro Renov","isPartOf":{"@id":"https:\/\/renosuisse.ch\/#website"},"datePublished":"2024-03-07T10:23:11+00:00","dateModified":"2024-03-18T08:05:50+00:00","breadcrumb":{"@id":"https:\/\/renosuisse.ch\/index.php\/impressum\/#breadcrumb"},"inLanguage":"de","potentialAction":[{"@type":"ReadAction","target":["https:\/\/renosuisse.ch\/index.php\/impressum\/"]}]},{"@type":"BreadcrumbList","@id":"https:\/\/renosuisse.ch\/index.php\/impressum\/#breadcrumb","itemListElement":[{"@type":"ListItem","position":1,"name":"Home","item":"https:\/\/renosuisse.ch\/"},{"@type":"ListItem","position":2,"name":"Impressum"}]},{"@type":"WebSite","@id":"https:\/\/renosuisse.ch\/#website","url":"https:\/\/renosuisse.ch\/","name":"GN Pro Renov","description":"","publisher":{"@id":"https:\/\/renosuisse.ch\/#organization"},"potentialAction":[{"@type":"SearchAction","target":{"@type":"EntryPoint","urlTemplate":"https:\/\/renosuisse.ch\/?s={search_term_string}"},"query-input":"required name=search_term_string"}],"inLanguage":"de"},{"@type":"Organization","@id":"https:\/\/renosuisse.ch\/#organization","name":"GN Pro Renov","url":"https:\/\/renosuisse.ch\/","logo":{"@type":"ImageObject","inLanguage":"de","@id":"https:\/\/renosuisse.ch\/#\/schema\/logo\/image\/","url":"https:\/\/renosuisse.ch\/wp-content\/uploads\/2024\/03\/Logo.png","contentUrl":"https:\/\/renosuisse.ch\/wp-content\/uploads\/2024\/03\/Logo.png","width":4634,"height":2853,"caption":"GN Pro Renov"},"image":{"@id":"https:\/\/renosuisse.ch\/#\/schema\/logo\/image\/"}}]}},"_links":{"self":[{"href":"https:\/\/renosuisse.ch\/index.php\/wp-json\/wp\/v2\/pages\/31"}],"collection":[{"href":"https:\/\/renosuisse.ch\/index.php\/wp-json\/wp\/v2\/pages"}],"about":[{"href":"https:\/\/renosuisse.ch\/index.php\/wp-json\/wp\/v2\/types\/page"}],"author":[{"embeddable":true,"href":"https:\/\/renosuisse.ch\/index.php\/wp-json\/wp\/v2\/users\/2"}],"replies":[{"embeddable":true,"href":"https:\/\/renosuisse.ch\/index.php\/wp-json\/wp\/v2\/comments?post=31"}],"version-history":[{"count":13,"href":"https:\/\/renosuisse.ch\/index.php\/wp-json\/wp\/v2\/pages\/31\/revisions"}],"predecessor-version":[{"id":318,"href":"https:\/\/renosuisse.ch\/index.php\/wp-json\/wp\/v2\/pages\/31\/revisions\/318"}],"wp:attachment":[{"href":"https:\/\/renosuisse.ch\/index.php\/wp-json\/wp\/v2\/media?parent=31"}],"curies":[{"name":"wp","href":"https:\/\/api.w.org\/{rel}","templated":true}]}}